{"id":875,"date":"2021-10-08T07:05:28","date_gmt":"2021-10-08T07:05:28","guid":{"rendered":"https:\/\/adforestpro.scriptsbundle.com\/demo-bakery\/?page_id=875"},"modified":"2025-03-07T23:46:47","modified_gmt":"2025-03-08T04:46:47","slug":"termes-et-conditions-dutilisation","status":"publish","type":"page","link":"https:\/\/afrikomkom.com\/fr\/termes-et-conditions-dutilisation\/","title":{"rendered":"Termes et conditions d&rsquo;utilisation"},"content":{"rendered":"<div class=\"wpb-content-wrapper\"><p>[vc_row el_class=\u00a0\u00bbcustom-row\u00a0\u00bb][vc_column][vc_empty_space height=\u00a0\u00bb80px\u00a0\u00bb][vc_column_text css=\u00a0\u00bb\u00a0\u00bb]<\/p>\n<h2>Introduction<\/h2>\n<p>Ces conditions constituent un contrat entre Vous et l\u2019exploitant de la plateforme Afrikomkom (la \u00ab Plateforme \u00bb), Plateforme Afrikomkom Inc. (ci-apr\u00e8s \u00ab Afrikomkom \u00bb ou \u00ab nous \u00bb).<br \/>\nLa Plateforme est offerte afin de faciliter les \u00e9changes entre les Acheteurs et les Marchands. Afrikomkom agit comme interm\u00e9diaire avec les Marchands quant \u00e0 la l\u2019affichage, mais, sauf dans les limites de ce qui est express\u00e9ment pr\u00e9vu aux pr\u00e9sentes conditions, n\u2019est pas consid\u00e9r\u00e9 le mandataire ou le repr\u00e9sentant des Marchands ou des Acheteurs dans leurs relations contractuelles. Les ententes conclues entre un Marchand et un Acheteur le sont \u00e0 l\u2019enti\u00e8re exon\u00e9ration d\u2019Afrikomkom, qui d\u00e9cline toute responsabilit\u00e9 quant aux obligations respectives des Acheteurs et des Marchands en vertu de leurs ententes contractuelles.<\/p>\n<p>Pour utiliser la Plateforme, vous devez respecter certaines modalit\u00e9s, conditions et r\u00e8gles qui sont expliqu\u00e9es dans ces conditions d\u2019utilisation .<\/p>\n<p>Pour les Marchands, afin d\u2019afficher des produits ou services en vente sur la Plateforme, vous devez accepter les conditions d\u2019utilisation pour les Marchands.<\/p>\n<p><strong>Pour les conditions compl\u00e8tes sp\u00e9cifiques aux Marchands, s\u2019il vous pla\u00eet lire le document <a href=\"https:\/\/afrikomkom.com\/wp-content\/uploads\/2025\/01\/Conditions-Acheteurs-Afrikomkom-2025.pdf\">Conditions Acheteurs Afrikomkom 2025<\/a> (PDF 310 Ko).<\/strong><\/p>\n<p>Pour utiliser la Plateforme \u00e0 titre d\u2019Acheteur, vous devez accepter les conditions d\u2019utilisation pour les Acheteurs.<\/p>\n<p><strong>Pour les conditions compl\u00e8tes sp\u00e9cifiques aux Acheteurs, s\u2019il vous pla\u00eet lire le document <a href=\"https:\/\/afrikomkom.com\/wp-content\/uploads\/2025\/01\/Conditions-Acheteurs-Afrikomkom-2025-1.pdf\">Conditions Acheteurs Afrikomkom 2025<\/a> (PDF 285 Ko).<\/strong><\/p>\n<h2>Acc\u00e8s \u00e0 la Plateforme<\/h2>\n<p>Il n\u2019est pas garanti que la Plateforme soit accessible et fonctionnelle, en totalit\u00e9 ou en partie, en tout temps. Afrikomkom se r\u00e9serve le droit de suspendre l\u2019acc\u00e8s \u00e0 la Plateforme pour l\u2019ensemble des Marchands ou pour un ou plusieurs Marchand(s) en particulier pour toute p\u00e9riode de temps si Afrikomkom suspecte toute activit\u00e9 contraire aux pr\u00e9sentes conditions d\u2019utilisation, \u00e0 son enti\u00e8re discr\u00e9tion.<\/p>\n<p>Vous n\u2019\u00eates pas autoris\u00e9 \u00e0 acc\u00e9der \u00e0 la Plateforme par des moyens automatis\u00e9s (crawlers, bots, etc.).<\/p>\n<h2>Notre Contenu<\/h2>\n<p>Vous reconnaissez qu\u2019Afrikomkom est propri\u00e9taire ou d\u00fbment autoris\u00e9e par licence \u00e0 utiliser l\u2019ensemble du contenu disponible sur la Plateforme, y compris tous les textes, images, dessins, vid\u00e9os, sons et le code source.<br \/>\nVous ne pouvez pas modifier, copier, distribuer, ex\u00e9cuter, transmettre, transf\u00e9rer, afficher, fournir, reproduire, publier ou conc\u00e9der quelque licence ou sous-licence que ce soit, ni vendre ce contenu, ni aucun renseignement ou service obtenu \u00e0 partir de la Plateforme autrement que dans le cadre d\u2019une utilisation personnelle de la Plateforme qui respecte les pr\u00e9sentes conditions d\u2019utilisation, \u00e0 moins d\u2019avoir obtenu notre consentement par \u00e9crit.<br \/>\nVous \u00eates autoris\u00e9 \u00e0 partager certains contenus sur des plateformes de m\u00e9dias sociaux, mais uniquement en utilisant les fonctionnalit\u00e9s de partage propos\u00e9es sur la Plateforme.<\/p>\n<h2>Marques de commerce<\/h2>\n<p>Les marques de commerce et noms de domaine suivants : Afrikomkom, afrikomkom.ca, afrikomkom.com sont notre propri\u00e9t\u00e9 exclusive ou sont utilis\u00e9es en vertu de licences consenties par les propri\u00e9taires ou titulaires de licences. Rien dans les pr\u00e9sentes conditions d\u2019utilisation ne vous conc\u00e8de, explicitement ou implicitement, quelque droit que ce soit sur ces marques de commerce et noms de domaine.<\/p>\n<h2>Suggestions<\/h2>\n<p>Si vous choisissez de communiquer avec nous au sujet d\u2019am\u00e9liorations \u00e0 apporter \u00e0 la Plateforme ou \u00e0 propos de nouveaux produits et services (nous appellerons ces communications des \u00ab Suggestions \u00bb) :<br \/>\na) nous serons autoris\u00e9s \u00e0 utiliser les Suggestions sans restriction, sans obligation de vous consulter ni de vous r\u00e9mun\u00e9rer;<br \/>\nb) vous nous c\u00e9dez de mani\u00e8re irr\u00e9vocable tout droit, titre et int\u00e9r\u00eat que vous pourriez avoir relativement aux Suggestions et vous renoncez \u00e0 tous droits moraux sur les Suggestions;<br \/>\nc) vous nous garantissez que vos Suggestions ne comportent pas d\u2019information confidentielle que vous n\u2019\u00eates pas autoris\u00e9 \u00e0 divulguer.<\/p>\n<h2>Vie priv\u00e9e et donn\u00e9es personnelles<\/h2>\n<p>Nous recueillons des renseignements personnels dans le cadre de l\u2019utilisation de la Plateforme afin de traiter vos commandes et \u00e0 des fins d\u2019analyse et de statistiques ainsi que pour permettre des \u00e9changes entre les Marchands et les Acheteurs.<br \/>\nVous consentez \u00e0 ce que des renseignements personnels \u00e0 votre sujet soient collect\u00e9s, trait\u00e9s, communiqu\u00e9s, conserv\u00e9s et d\u00e9truits conform\u00e9ment \u00e0 notre Politique en mati\u00e8re de vie priv\u00e9e disponible au <a href=\"https:\/\/afrikomkom.com\/politique-de-confidentialite\">https:\/\/afrikomkom.com\/politique-de-confidentialite<\/a>. En acceptant les pr\u00e9sentes conditions d\u2019utilisation, vous d\u00e9clarez avoir pris connaissance de cette politique et vous nous donnez votre consentement. Les Marchands poss\u00e8dent leurs propres politiques en mati\u00e8re de traitement des renseignements personnels qui pourraient \u00eatre applicables.<\/p>\n<h2>Utilisation d\u00e9fendue<\/h2>\n<p>Vous n\u2019\u00eates pas autoris\u00e9 \u00e0 utiliser la Plateforme dans un but qui soit ill\u00e9gal ou d\u00e9fendu en vertu des pr\u00e9sentes modalit\u00e9s et conditions.<br \/>\nSans limiter la g\u00e9n\u00e9ralit\u00e9 de ce qui pr\u00e9c\u00e8de, il vous est notamment interdit de faire une utilisation de la Plateforme ou de permettre qu\u2019un tiers fasse une utilisation de la Plateforme qui :<br \/>\na) enfreigne les pr\u00e9sentes conditions d\u2019utilisation;<br \/>\nb) soit ill\u00e9gale, contrevenante, nuisible, mena\u00e7ante, tortueuse, diffamatoire, calomnieuse, injurieuse, obsc\u00e8ne, envahissante pour la vie priv\u00e9e d&rsquo;un tiers, haineuse, frauduleuse ou malveillante ;<br \/>\nc) diffuse ou encourage la diffusion de contenu pornographique;<br \/>\nd) harc\u00e8le ou pr\u00e9conise le harc\u00e8lement d&rsquo;une autre personne ;<br \/>\ne) implique la transmission de courrier ind\u00e9sirable, ou de courriers \u00e9lectroniques de masse non d\u00e9sir\u00e9s (pourriels);<br \/>\nf) implique l&rsquo;envoi de tout code informatique malveillant, virus, cheval de Troie, ver, code nuisible, m\u00e9canisme de coupure ou m\u00e9canisme semblable ;<br \/>\ng) encourage des activit\u00e9s ou conduites ill\u00e9gales ;<br \/>\nh) sollicite des mots de passe, ou des informations d&rsquo;identification personnelles \u00e0 des fins commerciales ou ill\u00e9gales provenant d&rsquo;autres utilisateurs ;<br \/>\ni) interf\u00e8re avec ou perturbe la fonctionnalit\u00e9 d\u2019un site Web ou de tout serveur ou r\u00e9seau impliqu\u00e9 dans l&rsquo;exploitation de la Plateforme;<br \/>\nj) sauf dans la mesure permise par les pr\u00e9sentes conditions, recueille ou \u00ab\u00a0r\u00e9colte\u00a0\u00bb de mani\u00e8re syst\u00e9matique \u00e0 partir de la Plateforme les noms ou toute autre information \u00e0 propos d&rsquo;autres utilisateurs de la Plateforme; ou<br \/>\nk) enfreigne toute loi ou r\u00e8glementation locale, nationale ou autrement applicable.<\/p>\n<h2>Absence de garantie<\/h2>\n<p>Votre utilisation de la Plateforme et des Services offerts au moyen de ceux-ci est faite enti\u00e8rement \u00e0 vos propres risques. La Plateforme, ainsi que les services offerts par leur entremise sont fournis \u00ab tel quel \u00bb et, dans la mesure permise par la loi, sans aucune garantie, qu\u2019elle soit expresse, tacite ou implicite.<br \/>\nNous ne garantissons pas que l\u2019acc\u00e8s \u00e0 la Plateforme et aux Services offerts au moyen de ceux-ci ou par son entremise sera ininterrompu et s\u00e9curitaire et que le contenu disponible par le biais de la Plateforme sera exempt d\u2019erreurs, exact, complet et \u00e0 jour. Nous ne garantissons pas les r\u00e9sultats obtenus au moyen de l\u2019utilisation du site web ou de la Plateforme ni l\u2019exactitude ou la fiabilit\u00e9 de tous les renseignements obtenus par l\u2019entremise du site web.<br \/>\nNous ne garantissons pas que le mat\u00e9riel t\u00e9l\u00e9charg\u00e9 par le biais de la Plateforme soit exempt de virus ou d\u2019autres codes destructeurs qui pourraient endommager ou contaminer votre \u00e9quipement informatique ou autres biens. Nous ne serons pas responsables de tout dommage caus\u00e9 \u00e0 votre ordinateur ou de la perte de donn\u00e9es qui pourrait d\u00e9couler du t\u00e9l\u00e9chargement de donn\u00e9es ou de mat\u00e9riel depuis le site web ou la Plateforme.<\/p>\n<h2>Limitation de responsabilit\u00e9<\/h2>\n<p>Dans la pleine mesure permise par la loi, Afrikomkom se d\u00e9gage de sa responsabilit\u00e9 \u00e0 l\u2019\u00e9gard des dommages ou du pr\u00e9judice, de quelque nature que ce soit, que vous pourriez subir \u00e0 l\u2019occasion de votre utilisation de la Plateforme ou par suite de votre incapacit\u00e9 \u00e0 utiliser la Plateforme.<br \/>\nSont notamment couverts par cette limitation de responsabilit\u00e9 les pertes de profits, les pertes d\u2019opportunit\u00e9, les dommages mat\u00e9riels, les bris d\u2019\u00e9quipement, la divulgation d\u2019information confidentielle, les p\u00e9nalit\u00e9s, les amendes et les frais qui pourraient \u00eatre encourus ou subis par tout utilisateur de la Plateforme en raison de l\u2019utilisation de la Plateforme par ceux-ci.<\/p>\n<h2>Indemnisation<\/h2>\n<p>Vous convenez d\u2019indemniser, de d\u00e9fendre et de tenir \u00e0 couvert Afrikomkom, ses soci\u00e9t\u00e9s affili\u00e9es, administrateurs, dirigeants, actionnaires, employ\u00e9s, mandataires et conc\u00e9dants de licence \u00e0 l\u2019\u00e9gard de tous dommage, r\u00e9clamation, responsabilit\u00e9, pertes, frais, r\u00e9clamations, amendes, p\u00e9nalit\u00e9s, frais et dette, y compris les honoraires et frais juridiques raisonnables qui r\u00e9sulteraient :<br \/>\na) de toute violation all\u00e9gu\u00e9e de votre part des pr\u00e9sentes conditions d\u2019utilisation.<br \/>\nb) de votre d\u00e9faut de respecter vos obligations<\/p>\n<h2>Loi applicable<\/h2>\n<p>Les pr\u00e9sentes conditions et toutes les op\u00e9rations y aff\u00e9rentes seront r\u00e9gies par les lois de la province de Qu\u00e9bec et les lois du Canada qui s\u2019y appliquent et doivent \u00eatre interpr\u00e9t\u00e9es conform\u00e9ment \u00e0 ces lois.<\/p>\n<h2>Modification des conditions d\u2019utilisation<\/h2>\n<p>Nous nous r\u00e9servons le droit, \u00e0 notre enti\u00e8re discr\u00e9tion, de modifier les pr\u00e9sentes conditions en envoyant un avis \u00e9crit transmis \u00e0 l\u2019adresse courriel associ\u00e9e \u00e0 votre compte.<br \/>\nLes conditions modifi\u00e9es entreront en vigueur au moment indiqu\u00e9 dans l\u2019avis, et en continuant \u00e0 utiliser la Plateforme, vous acceptez d\u2019\u00eatre li\u00e9 par les conditions d\u2019utilisation telles que modifi\u00e9es.[\/vc_column_text][vc_empty_space height=\u00a0\u00bb80px\u00a0\u00bb][\/vc_column][\/vc_row]<\/p>\n<\/div>","protected":false},"excerpt":{"rendered":"<p>[vc_row el_class=\u00a0\u00bbcustom-row\u00a0\u00bb][vc_column][vc_empty_space height=\u00a0\u00bb80px\u00a0\u00bb][vc_column_text css=\u00a0\u00bb\u00a0\u00bb] Introduction Ces conditions constituent un contrat entre Vous et l\u2019exploitant de la plateforme Afrikomkom (la \u00ab Plateforme \u00bb), Plateforme Afrikomkom Inc. (ci-apr\u00e8s \u00ab Afrikomkom \u00bb ou \u00ab nous \u00bb). La Plateforme est offerte afin de faciliter les \u00e9changes entre les Acheteurs et les Marchands. Afrikomkom agit comme interm\u00e9diaire avec les Marchands [&hellip;]<\/p>\n","protected":false},"author":1,"featured_media":0,"parent":0,"menu_order":0,"comment_status":"closed","ping_status":"closed","template":"","meta":{"footnotes":""},"class_list":["post-875","page","type-page","status-publish","hentry"],"yoast_head":"<!-- This site is optimized with the Yoast SEO plugin v25.8 - https:\/\/yoast.com\/wordpress\/plugins\/seo\/ -->\n<title>Termes et conditions d&#039;utilisation &#8211; Afrikomkom<\/title>\n<meta name=\"description\" content=\"Afrikomkom est la premi\u00e8re marketplace d&#039;\u00e9change commercial entre l&#039;Afrique et le monde\" \/>\n<meta name=\"robots\" content=\"index, follow, max-snippet:-1, max-image-preview:large, max-video-preview:-1\" \/>\n<link rel=\"canonical\" href=\"https:\/\/afrikomkom.com\/fr\/termes-et-conditions-dutilisation\/\" \/>\n<meta property=\"og:locale\" content=\"fr_FR\" \/>\n<meta property=\"og:type\" content=\"article\" \/>\n<meta property=\"og:title\" content=\"Termes et conditions d&#039;utilisation &#8211; Afrikomkom\" \/>\n<meta property=\"og:description\" content=\"Afrikomkom est la premi\u00e8re marketplace d&#039;\u00e9change commercial entre l&#039;Afrique et le monde\" \/>\n<meta property=\"og:url\" content=\"https:\/\/afrikomkom.com\/fr\/termes-et-conditions-dutilisation\/\" \/>\n<meta property=\"og:site_name\" content=\"Afrikomkom\" \/>\n<meta property=\"article:publisher\" content=\"https:\/\/www.facebook.com\/p\/Afrikomkom-100067540343724\/\" \/>\n<meta property=\"article:modified_time\" content=\"2025-03-08T04:46:47+00:00\" \/>\n<meta property=\"og:image\" content=\"https:\/\/afrikomkom.com\/wp-content\/uploads\/2025\/03\/og-image-v01.webp\" \/>\n\t<meta property=\"og:image:width\" content=\"1200\" \/>\n\t<meta property=\"og:image:height\" content=\"630\" \/>\n\t<meta property=\"og:image:type\" content=\"image\/webp\" \/>\n<meta name=\"twitter:card\" content=\"summary_large_image\" \/>\n<meta name=\"twitter:label1\" content=\"Dur\u00e9e de lecture estim\u00e9e\" \/>\n\t<meta name=\"twitter:data1\" content=\"8 minutes\" \/>\n<script type=\"application\/ld+json\" class=\"yoast-schema-graph\">{\"@context\":\"https:\/\/schema.org\",\"@graph\":[{\"@type\":\"WebPage\",\"@id\":\"https:\/\/afrikomkom.com\/fr\/termes-et-conditions-dutilisation\/\",\"url\":\"https:\/\/afrikomkom.com\/fr\/termes-et-conditions-dutilisation\/\",\"name\":\"Termes et conditions d'utilisation &#8211; Afrikomkom\",\"isPartOf\":{\"@id\":\"https:\/\/afrikomkom.com\/fr\/#website\"},\"datePublished\":\"2021-10-08T07:05:28+00:00\",\"dateModified\":\"2025-03-08T04:46:47+00:00\",\"description\":\"Afrikomkom est la premi\u00e8re marketplace d'\u00e9change commercial entre l'Afrique et le monde\",\"breadcrumb\":{\"@id\":\"https:\/\/afrikomkom.com\/fr\/termes-et-conditions-dutilisation\/#breadcrumb\"},\"inLanguage\":\"fr-FR\",\"potentialAction\":[{\"@type\":\"ReadAction\",\"target\":[\"https:\/\/afrikomkom.com\/fr\/termes-et-conditions-dutilisation\/\"]}]},{\"@type\":\"BreadcrumbList\",\"@id\":\"https:\/\/afrikomkom.com\/fr\/termes-et-conditions-dutilisation\/#breadcrumb\",\"itemListElement\":[{\"@type\":\"ListItem\",\"position\":1,\"name\":\"Accueil\",\"item\":\"https:\/\/afrikomkom.com\/fr\/\"},{\"@type\":\"ListItem\",\"position\":2,\"name\":\"Termes et conditions d&rsquo;utilisation\"}]},{\"@type\":\"WebSite\",\"@id\":\"https:\/\/afrikomkom.com\/fr\/#website\",\"url\":\"https:\/\/afrikomkom.com\/fr\/\",\"name\":\"Afrikomkom\",\"description\":\"La premi\u00e8re marketplace d&#039;\u00e9change commercial entre l&#039;Afrique et le monde\",\"publisher\":{\"@id\":\"https:\/\/afrikomkom.com\/fr\/#organization\"},\"potentialAction\":[{\"@type\":\"SearchAction\",\"target\":{\"@type\":\"EntryPoint\",\"urlTemplate\":\"https:\/\/afrikomkom.com\/fr\/?s={search_term_string}\"},\"query-input\":{\"@type\":\"PropertyValueSpecification\",\"valueRequired\":true,\"valueName\":\"search_term_string\"}}],\"inLanguage\":\"fr-FR\"},{\"@type\":\"Organization\",\"@id\":\"https:\/\/afrikomkom.com\/fr\/#organization\",\"name\":\"Afrikomkom\",\"url\":\"https:\/\/afrikomkom.com\/fr\/\",\"logo\":{\"@type\":\"ImageObject\",\"inLanguage\":\"fr-FR\",\"@id\":\"https:\/\/afrikomkom.com\/fr\/#\/schema\/logo\/image\/\",\"url\":\"https:\/\/afrikomkom.com\/wp-content\/uploads\/2025\/03\/og-image-v01.webp\",\"contentUrl\":\"https:\/\/afrikomkom.com\/wp-content\/uploads\/2025\/03\/og-image-v01.webp\",\"width\":1200,\"height\":630,\"caption\":\"Afrikomkom\"},\"image\":{\"@id\":\"https:\/\/afrikomkom.com\/fr\/#\/schema\/logo\/image\/\"},\"sameAs\":[\"https:\/\/www.facebook.com\/p\/Afrikomkom-100067540343724\/\",\"https:\/\/www.linkedin.com\/company\/afrikomkom1\/\"]}]}<\/script>\n<!-- \/ Yoast SEO plugin. -->","yoast_head_json":{"title":"Termes et conditions d'utilisation &#8211; Afrikomkom","description":"Afrikomkom est la premi\u00e8re marketplace d'\u00e9change commercial entre l'Afrique et le monde","robots":{"index":"index","follow":"follow","max-snippet":"max-snippet:-1","max-image-preview":"max-image-preview:large","max-video-preview":"max-video-preview:-1"},"canonical":"https:\/\/afrikomkom.com\/fr\/termes-et-conditions-dutilisation\/","og_locale":"fr_FR","og_type":"article","og_title":"Termes et conditions d'utilisation &#8211; Afrikomkom","og_description":"Afrikomkom est la premi\u00e8re marketplace d'\u00e9change commercial entre l'Afrique et le monde","og_url":"https:\/\/afrikomkom.com\/fr\/termes-et-conditions-dutilisation\/","og_site_name":"Afrikomkom","article_publisher":"https:\/\/www.facebook.com\/p\/Afrikomkom-100067540343724\/","article_modified_time":"2025-03-08T04:46:47+00:00","og_image":[{"width":1200,"height":630,"url":"https:\/\/afrikomkom.com\/wp-content\/uploads\/2025\/03\/og-image-v01.webp","type":"image\/webp"}],"twitter_card":"summary_large_image","twitter_misc":{"Dur\u00e9e de lecture estim\u00e9e":"8 minutes"},"schema":{"@context":"https:\/\/schema.org","@graph":[{"@type":"WebPage","@id":"https:\/\/afrikomkom.com\/fr\/termes-et-conditions-dutilisation\/","url":"https:\/\/afrikomkom.com\/fr\/termes-et-conditions-dutilisation\/","name":"Termes et conditions d'utilisation &#8211; Afrikomkom","isPartOf":{"@id":"https:\/\/afrikomkom.com\/fr\/#website"},"datePublished":"2021-10-08T07:05:28+00:00","dateModified":"2025-03-08T04:46:47+00:00","description":"Afrikomkom est la premi\u00e8re marketplace d'\u00e9change commercial entre l'Afrique et le monde","breadcrumb":{"@id":"https:\/\/afrikomkom.com\/fr\/termes-et-conditions-dutilisation\/#breadcrumb"},"inLanguage":"fr-FR","potentialAction":[{"@type":"ReadAction","target":["https:\/\/afrikomkom.com\/fr\/termes-et-conditions-dutilisation\/"]}]},{"@type":"BreadcrumbList","@id":"https:\/\/afrikomkom.com\/fr\/termes-et-conditions-dutilisation\/#breadcrumb","itemListElement":[{"@type":"ListItem","position":1,"name":"Accueil","item":"https:\/\/afrikomkom.com\/fr\/"},{"@type":"ListItem","position":2,"name":"Termes et conditions d&rsquo;utilisation"}]},{"@type":"WebSite","@id":"https:\/\/afrikomkom.com\/fr\/#website","url":"https:\/\/afrikomkom.com\/fr\/","name":"Afrikomkom","description":"La premi\u00e8re marketplace d&#039;\u00e9change commercial entre l&#039;Afrique et le monde","publisher":{"@id":"https:\/\/afrikomkom.com\/fr\/#organization"},"potentialAction":[{"@type":"SearchAction","target":{"@type":"EntryPoint","urlTemplate":"https:\/\/afrikomkom.com\/fr\/?s={search_term_string}"},"query-input":{"@type":"PropertyValueSpecification","valueRequired":true,"valueName":"search_term_string"}}],"inLanguage":"fr-FR"},{"@type":"Organization","@id":"https:\/\/afrikomkom.com\/fr\/#organization","name":"Afrikomkom","url":"https:\/\/afrikomkom.com\/fr\/","logo":{"@type":"ImageObject","inLanguage":"fr-FR","@id":"https:\/\/afrikomkom.com\/fr\/#\/schema\/logo\/image\/","url":"https:\/\/afrikomkom.com\/wp-content\/uploads\/2025\/03\/og-image-v01.webp","contentUrl":"https:\/\/afrikomkom.com\/wp-content\/uploads\/2025\/03\/og-image-v01.webp","width":1200,"height":630,"caption":"Afrikomkom"},"image":{"@id":"https:\/\/afrikomkom.com\/fr\/#\/schema\/logo\/image\/"},"sameAs":["https:\/\/www.facebook.com\/p\/Afrikomkom-100067540343724\/","https:\/\/www.linkedin.com\/company\/afrikomkom1\/"]}]}},"_links":{"self":[{"href":"https:\/\/afrikomkom.com\/fr\/wp-json\/wp\/v2\/pages\/875","targetHints":{"allow":["GET"]}}],"collection":[{"href":"https:\/\/afrikomkom.com\/fr\/wp-json\/wp\/v2\/pages"}],"about":[{"href":"https:\/\/afrikomkom.com\/fr\/wp-json\/wp\/v2\/types\/page"}],"author":[{"embeddable":true,"href":"https:\/\/afrikomkom.com\/fr\/wp-json\/wp\/v2\/users\/1"}],"replies":[{"embeddable":true,"href":"https:\/\/afrikomkom.com\/fr\/wp-json\/wp\/v2\/comments?post=875"}],"version-history":[{"count":12,"href":"https:\/\/afrikomkom.com\/fr\/wp-json\/wp\/v2\/pages\/875\/revisions"}],"predecessor-version":[{"id":2724,"href":"https:\/\/afrikomkom.com\/fr\/wp-json\/wp\/v2\/pages\/875\/revisions\/2724"}],"wp:attachment":[{"href":"https:\/\/afrikomkom.com\/fr\/wp-json\/wp\/v2\/media?parent=875"}],"curies":[{"name":"wp","href":"https:\/\/api.w.org\/{rel}","templated":true}]}}