{"id":817,"date":"2021-10-08T04:43:59","date_gmt":"2021-10-08T04:43:59","guid":{"rendered":"https:\/\/adforestpro.scriptsbundle.com\/demo-bakery\/?page_id=817"},"modified":"2025-08-25T11:50:43","modified_gmt":"2025-08-25T15:50:43","slug":"contact","status":"publish","type":"page","link":"https:\/\/afrikomkom.com\/fr\/contact\/","title":{"rendered":"Contact"},"content":{"rendered":"<div class=\"wpb-content-wrapper\"><p>[vc_row el_class=\u00a0\u00bbcustom-row\u00a0\u00bb css=\u00a0\u00bb.vc_custom_1734629849569{background-color: #f3f3f3 !important;}\u00a0\u00bb][vc_column][vc_empty_space height=\u00a0\u00bb80px\u00a0\u00bb][vc_row_inner][vc_column_inner][vc_column_text css=\u00a0\u00bb\u00a0\u00bb]<\/p>\n<h5>L\u2019\u00e9quipe d\u2019Afrikomkom est l\u00e0 pour vous assister. Afin d\u2019assurer le meilleur service possible, nous vous demandons d\u2019utiliser le lien qui correspond \u00e0 votre situation.<\/h5>\n<h5>Aussi, n\u2019h\u00e9sitez pas \u00e0 consulter notre <a href=\"https:\/\/afrikomkom.com\/faq\/\">foire \u00e0 questions<\/a>, o\u00f9 vous allez peut-\u00eatre trouver la r\u00e9ponse \u00e0 votre question.<\/h5>\n<p>[\/vc_column_text][\/vc_column_inner][\/vc_row_inner][vc_empty_space height=\u00a0\u00bb60px\u00a0\u00bb][\/vc_column][\/vc_row][vc_row el_class=\u00a0\u00bbcustom-row\u00a0\u00bb][vc_column][vc_empty_space height=\u00a0\u00bb60px\u00a0\u00bb][vc_row_inner][vc_column_inner width=\u00a0\u00bb1\/2&Prime;][vc_column_text css=\u00a0\u00bb\u00a0\u00bb]<\/p>\n<h2>Service \u00e0 la client\u00e8le &#8211; pour acheteur<\/h2>\n<p>[\/vc_column_text][vc_column_text css=\u00a0\u00bb\u00a0\u00bb]<\/p>\n<ul>\n<li>Vous n\u2019avez pas trouv\u00e9 la r\u00e9ponse \u00e0 votre question dans la FAQ<\/li>\n<li>Vous avez un probl\u00e8me avec un marchand ou une commande<\/li>\n<li>Vous avez un probl\u00e8me ou une question technique<\/li>\n<\/ul>\n<p>[\/vc_column_text][\/vc_column_inner][vc_column_inner width=\u00a0\u00bb1\/2&Prime;][vc_column_text css=\u00a0\u00bb\u00a0\u00bb]<strong>Contacter un membre de l&rsquo;\u00e9quipe<\/strong><\/p>\n<p>Du lundi au vendredi\u202f: de 8\u202fh \u00e0 19\u202fh (UTC-5)<\/p>\n<p>Samedi \u202f: de 9\u202fh \u00e0 18\u202fh (UTC-5)<\/p>\n<p>info@afrikomkom.com[\/vc_column_text][vc_btn title=\u00a0\u00bbCourriel\u00a0\u00bb style=\u00a0\u00bbclassic\u00a0\u00bb color=\u00a0\u00bborange\u00a0\u00bb i_icon_fontawesome=\u00a0\u00bbfar fa-envelope\u00a0\u00bb css=\u00a0\u00bb.vc_custom_1734626625284{margin-right: 20px !important;}\u00a0\u00bb add_icon=\u00a0\u00bbtrue\u00a0\u00bb link=\u00a0\u00bburl:mailto%3Ainfo%40afrikomkom.com\u00a0\u00bb][\/vc_column_inner][\/vc_row_inner][vc_empty_space height=\u00a0\u00bb60px\u00a0\u00bb][\/vc_column][\/vc_row][vc_row el_class=\u00a0\u00bbcustom-row\u00a0\u00bb css=\u00a0\u00bb.vc_custom_1734629936701{background-color: #f3f3f3 !important;}\u00a0\u00bb][vc_column][vc_empty_space height=\u00a0\u00bb60px\u00a0\u00bb][vc_row_inner][vc_column_inner width=\u00a0\u00bb1\/2&Prime;][vc_column_text css=\u00a0\u00bb\u00a0\u00bb]<\/p>\n<h2>Service \u00e0 la client\u00e8le \u2013 pour marchand<\/h2>\n<p>[\/vc_column_text][vc_column_text css=\u00a0\u00bb\u00a0\u00bb]<\/p>\n<ul>\n<li>Vous n\u2019avez pas trouv\u00e9 la r\u00e9ponse \u00e0 votre question dans la FAQ<\/li>\n<li>Vous avez un probl\u00e8me avec un client ou une commande<\/li>\n<li>Vous voulez faire des modifications \u00e0 votre compte<\/li>\n<\/ul>\n<p>[\/vc_column_text][\/vc_column_inner][vc_column_inner width=\u00a0\u00bb1\/2&Prime;][vc_column_text css=\u00a0\u00bb\u00a0\u00bb]<strong>Contacter un conseiller<\/strong><\/p>\n<p>Du lundi au vendredi\u202f: de 8\u202fh \u00e0 19\u202fh (UTC-5)<\/p>\n<p>Samedi \u202f: de 9\u202fh \u00e0 18\u202fh (UTC-5)<\/p>\n<p>support@afrikomkom.com[\/vc_column_text][vc_btn title=\u00a0\u00bbCourriel\u00a0\u00bb style=\u00a0\u00bbclassic\u00a0\u00bb color=\u00a0\u00bborange\u00a0\u00bb i_icon_fontawesome=\u00a0\u00bbfar fa-envelope\u00a0\u00bb css=\u00a0\u00bb.vc_custom_1737921272345{margin-right: 20px !important;}\u00a0\u00bb add_icon=\u00a0\u00bbtrue\u00a0\u00bb link=\u00a0\u00bburl:mailto%3Asupport%40afrikomkom.com\u00a0\u00bb][\/vc_column_inner][\/vc_row_inner][vc_empty_space height=\u00a0\u00bb60px\u00a0\u00bb][\/vc_column][\/vc_row]<\/p>\n<\/div>","protected":false},"excerpt":{"rendered":"<p>[vc_row el_class=\u00a0\u00bbcustom-row\u00a0\u00bb css=\u00a0\u00bb.vc_custom_1734629849569{background-color: #f3f3f3 !important;}\u00a0\u00bb][vc_column][vc_empty_space height=\u00a0\u00bb80px\u00a0\u00bb][vc_row_inner][vc_column_inner][vc_column_text css=\u00a0\u00bb\u00a0\u00bb] L\u2019\u00e9quipe d\u2019Afrikomkom est l\u00e0 pour vous assister. Afin d\u2019assurer le meilleur service possible, nous vous demandons d\u2019utiliser le lien qui correspond \u00e0 votre situation. Aussi, n\u2019h\u00e9sitez pas \u00e0 consulter notre foire \u00e0 questions, o\u00f9 vous allez peut-\u00eatre trouver la r\u00e9ponse \u00e0 votre question. [\/vc_column_text][\/vc_column_inner][\/vc_row_inner][vc_empty_space height=\u00a0\u00bb60px\u00a0\u00bb][\/vc_column][\/vc_row][vc_row el_class=\u00a0\u00bbcustom-row\u00a0\u00bb][vc_column][vc_empty_space height=\u00a0\u00bb60px\u00a0\u00bb][vc_row_inner][vc_column_inner width=\u00a0\u00bb1\/2&Prime;][vc_column_text [&hellip;]<\/p>\n","protected":false},"author":1,"featured_media":0,"parent":0,"menu_order":0,"comment_status":"closed","ping_status":"closed","template":"","meta":{"footnotes":""},"class_list":["post-817","page","type-page","status-publish","hentry"],"yoast_head":"<!-- This site is optimized with the Yoast SEO plugin v25.8 - https:\/\/yoast.com\/wordpress\/plugins\/seo\/ -->\n<title>Contact &#8211; Afrikomkom<\/title>\n<meta name=\"description\" content=\"Afrikomkom est la premi\u00e8re marketplace d&#039;\u00e9change commercial entre l&#039;Afrique et le monde\" \/>\n<meta name=\"robots\" content=\"index, follow, max-snippet:-1, max-image-preview:large, max-video-preview:-1\" \/>\n<link rel=\"canonical\" href=\"https:\/\/afrikomkom.com\/fr\/contact\/\" \/>\n<meta property=\"og:locale\" content=\"fr_FR\" \/>\n<meta property=\"og:type\" content=\"article\" \/>\n<meta property=\"og:title\" content=\"Contact &#8211; Afrikomkom\" \/>\n<meta property=\"og:description\" content=\"Afrikomkom est la premi\u00e8re marketplace d&#039;\u00e9change commercial entre l&#039;Afrique et le monde\" \/>\n<meta property=\"og:url\" content=\"https:\/\/afrikomkom.com\/fr\/contact\/\" \/>\n<meta property=\"og:site_name\" content=\"Afrikomkom\" \/>\n<meta property=\"article:publisher\" content=\"https:\/\/www.facebook.com\/p\/Afrikomkom-100067540343724\/\" \/>\n<meta property=\"article:modified_time\" content=\"2025-08-25T15:50:43+00:00\" \/>\n<meta property=\"og:image\" content=\"https:\/\/afrikomkom.com\/wp-content\/uploads\/2025\/03\/og-image-v01.webp\" \/>\n\t<meta property=\"og:image:width\" content=\"1200\" \/>\n\t<meta property=\"og:image:height\" content=\"630\" \/>\n\t<meta property=\"og:image:type\" content=\"image\/webp\" \/>\n<meta name=\"twitter:card\" content=\"summary_large_image\" \/>\n<meta name=\"twitter:label1\" content=\"Dur\u00e9e de lecture estim\u00e9e\" \/>\n\t<meta name=\"twitter:data1\" content=\"2 minutes\" \/>\n<script type=\"application\/ld+json\" class=\"yoast-schema-graph\">{\"@context\":\"https:\/\/schema.org\",\"@graph\":[{\"@type\":\"WebPage\",\"@id\":\"https:\/\/afrikomkom.com\/fr\/contact\/\",\"url\":\"https:\/\/afrikomkom.com\/fr\/contact\/\",\"name\":\"Contact &#8211; Afrikomkom\",\"isPartOf\":{\"@id\":\"https:\/\/afrikomkom.com\/fr\/#website\"},\"datePublished\":\"2021-10-08T04:43:59+00:00\",\"dateModified\":\"2025-08-25T15:50:43+00:00\",\"description\":\"Afrikomkom est la premi\u00e8re marketplace d'\u00e9change commercial entre l'Afrique et le monde\",\"breadcrumb\":{\"@id\":\"https:\/\/afrikomkom.com\/fr\/contact\/#breadcrumb\"},\"inLanguage\":\"fr-FR\",\"potentialAction\":[{\"@type\":\"ReadAction\",\"target\":[\"https:\/\/afrikomkom.com\/fr\/contact\/\"]}]},{\"@type\":\"BreadcrumbList\",\"@id\":\"https:\/\/afrikomkom.com\/fr\/contact\/#breadcrumb\",\"itemListElement\":[{\"@type\":\"ListItem\",\"position\":1,\"name\":\"Accueil\",\"item\":\"https:\/\/afrikomkom.com\/fr\/\"},{\"@type\":\"ListItem\",\"position\":2,\"name\":\"Contact\"}]},{\"@type\":\"WebSite\",\"@id\":\"https:\/\/afrikomkom.com\/fr\/#website\",\"url\":\"https:\/\/afrikomkom.com\/fr\/\",\"name\":\"Afrikomkom\",\"description\":\"La premi\u00e8re marketplace d&#039;\u00e9change commercial entre l&#039;Afrique et le monde\",\"publisher\":{\"@id\":\"https:\/\/afrikomkom.com\/fr\/#organization\"},\"potentialAction\":[{\"@type\":\"SearchAction\",\"target\":{\"@type\":\"EntryPoint\",\"urlTemplate\":\"https:\/\/afrikomkom.com\/fr\/?s={search_term_string}\"},\"query-input\":{\"@type\":\"PropertyValueSpecification\",\"valueRequired\":true,\"valueName\":\"search_term_string\"}}],\"inLanguage\":\"fr-FR\"},{\"@type\":\"Organization\",\"@id\":\"https:\/\/afrikomkom.com\/fr\/#organization\",\"name\":\"Afrikomkom\",\"url\":\"https:\/\/afrikomkom.com\/fr\/\",\"logo\":{\"@type\":\"ImageObject\",\"inLanguage\":\"fr-FR\",\"@id\":\"https:\/\/afrikomkom.com\/fr\/#\/schema\/logo\/image\/\",\"url\":\"https:\/\/afrikomkom.com\/wp-content\/uploads\/2025\/03\/og-image-v01.webp\",\"contentUrl\":\"https:\/\/afrikomkom.com\/wp-content\/uploads\/2025\/03\/og-image-v01.webp\",\"width\":1200,\"height\":630,\"caption\":\"Afrikomkom\"},\"image\":{\"@id\":\"https:\/\/afrikomkom.com\/fr\/#\/schema\/logo\/image\/\"},\"sameAs\":[\"https:\/\/www.facebook.com\/p\/Afrikomkom-100067540343724\/\",\"https:\/\/www.linkedin.com\/company\/afrikomkom1\/\"]}]}<\/script>\n<!-- \/ Yoast SEO plugin. -->","yoast_head_json":{"title":"Contact &#8211; Afrikomkom","description":"Afrikomkom est la premi\u00e8re marketplace d'\u00e9change commercial entre l'Afrique et le monde","robots":{"index":"index","follow":"follow","max-snippet":"max-snippet:-1","max-image-preview":"max-image-preview:large","max-video-preview":"max-video-preview:-1"},"canonical":"https:\/\/afrikomkom.com\/fr\/contact\/","og_locale":"fr_FR","og_type":"article","og_title":"Contact &#8211; Afrikomkom","og_description":"Afrikomkom est la premi\u00e8re marketplace d'\u00e9change commercial entre l'Afrique et le monde","og_url":"https:\/\/afrikomkom.com\/fr\/contact\/","og_site_name":"Afrikomkom","article_publisher":"https:\/\/www.facebook.com\/p\/Afrikomkom-100067540343724\/","article_modified_time":"2025-08-25T15:50:43+00:00","og_image":[{"width":1200,"height":630,"url":"https:\/\/afrikomkom.com\/wp-content\/uploads\/2025\/03\/og-image-v01.webp","type":"image\/webp"}],"twitter_card":"summary_large_image","twitter_misc":{"Dur\u00e9e de lecture estim\u00e9e":"2 minutes"},"schema":{"@context":"https:\/\/schema.org","@graph":[{"@type":"WebPage","@id":"https:\/\/afrikomkom.com\/fr\/contact\/","url":"https:\/\/afrikomkom.com\/fr\/contact\/","name":"Contact &#8211; Afrikomkom","isPartOf":{"@id":"https:\/\/afrikomkom.com\/fr\/#website"},"datePublished":"2021-10-08T04:43:59+00:00","dateModified":"2025-08-25T15:50:43+00:00","description":"Afrikomkom est la premi\u00e8re marketplace d'\u00e9change commercial entre l'Afrique et le monde","breadcrumb":{"@id":"https:\/\/afrikomkom.com\/fr\/contact\/#breadcrumb"},"inLanguage":"fr-FR","potentialAction":[{"@type":"ReadAction","target":["https:\/\/afrikomkom.com\/fr\/contact\/"]}]},{"@type":"BreadcrumbList","@id":"https:\/\/afrikomkom.com\/fr\/contact\/#breadcrumb","itemListElement":[{"@type":"ListItem","position":1,"name":"Accueil","item":"https:\/\/afrikomkom.com\/fr\/"},{"@type":"ListItem","position":2,"name":"Contact"}]},{"@type":"WebSite","@id":"https:\/\/afrikomkom.com\/fr\/#website","url":"https:\/\/afrikomkom.com\/fr\/","name":"Afrikomkom","description":"La premi\u00e8re marketplace d&#039;\u00e9change commercial entre l&#039;Afrique et le monde","publisher":{"@id":"https:\/\/afrikomkom.com\/fr\/#organization"},"potentialAction":[{"@type":"SearchAction","target":{"@type":"EntryPoint","urlTemplate":"https:\/\/afrikomkom.com\/fr\/?s={search_term_string}"},"query-input":{"@type":"PropertyValueSpecification","valueRequired":true,"valueName":"search_term_string"}}],"inLanguage":"fr-FR"},{"@type":"Organization","@id":"https:\/\/afrikomkom.com\/fr\/#organization","name":"Afrikomkom","url":"https:\/\/afrikomkom.com\/fr\/","logo":{"@type":"ImageObject","inLanguage":"fr-FR","@id":"https:\/\/afrikomkom.com\/fr\/#\/schema\/logo\/image\/","url":"https:\/\/afrikomkom.com\/wp-content\/uploads\/2025\/03\/og-image-v01.webp","contentUrl":"https:\/\/afrikomkom.com\/wp-content\/uploads\/2025\/03\/og-image-v01.webp","width":1200,"height":630,"caption":"Afrikomkom"},"image":{"@id":"https:\/\/afrikomkom.com\/fr\/#\/schema\/logo\/image\/"},"sameAs":["https:\/\/www.facebook.com\/p\/Afrikomkom-100067540343724\/","https:\/\/www.linkedin.com\/company\/afrikomkom1\/"]}]}},"_links":{"self":[{"href":"https:\/\/afrikomkom.com\/fr\/wp-json\/wp\/v2\/pages\/817","targetHints":{"allow":["GET"]}}],"collection":[{"href":"https:\/\/afrikomkom.com\/fr\/wp-json\/wp\/v2\/pages"}],"about":[{"href":"https:\/\/afrikomkom.com\/fr\/wp-json\/wp\/v2\/types\/page"}],"author":[{"embeddable":true,"href":"https:\/\/afrikomkom.com\/fr\/wp-json\/wp\/v2\/users\/1"}],"replies":[{"embeddable":true,"href":"https:\/\/afrikomkom.com\/fr\/wp-json\/wp\/v2\/comments?post=817"}],"version-history":[{"count":15,"href":"https:\/\/afrikomkom.com\/fr\/wp-json\/wp\/v2\/pages\/817\/revisions"}],"predecessor-version":[{"id":2968,"href":"https:\/\/afrikomkom.com\/fr\/wp-json\/wp\/v2\/pages\/817\/revisions\/2968"}],"wp:attachment":[{"href":"https:\/\/afrikomkom.com\/fr\/wp-json\/wp\/v2\/media?parent=817"}],"curies":[{"name":"wp","href":"https:\/\/api.w.org\/{rel}","templated":true}]}}