{"id":526,"date":"2021-10-01T06:36:45","date_gmt":"2021-10-01T06:36:45","guid":{"rendered":"https:\/\/adforestpro.scriptsbundle.com\/demo-bakery\/?page_id=526"},"modified":"2026-03-23T14:48:28","modified_gmt":"2026-03-23T18:48:28","slug":"inscription-acheteurs","status":"publish","type":"page","link":"https:\/\/afrikomkom.com\/fr\/inscription-acheteurs\/","title":{"rendered":"Inscription acheteurs"},"content":{"rendered":"<div class=\"wpb-content-wrapper\"><p>[vc_row el_class=\u00a0\u00bbsign-up-row\u00a0\u00bb css=\u00a0\u00bb.vc_custom_1739265955533{background: #fdf4e4 url(https:\/\/afrikomkom.com\/wp-content\/uploads\/2025\/02\/inscription-acheteurs-bg-v01.jpeg?id=2130) !important;background-position: center !important;background-repeat: no-repeat !important;background-size: cover !important;}\u00a0\u00bb][vc_column]<section class=\"register-section-content\">\n    <div class=\"container\">\n        <div class=\"row\">\n            <div class=\"col-xxl-12 col-lg-12 col-md-12 col-sm-12\">\n                <div class=\"main-section-content\">                   \n                    <div class=\"row\">\n                        <div class=\"col-xl-7 col-xxl-7 col-lg-6 col-md-6 col-sm-12\">\n                            <div class=\"wel-register-heading\">\n                                <h1>Vous voulez vendre avec nous ?<\/h1>\n                                <p>Vous voulez joindre la communaut\u00e9 Afrikomkom \u00e0 titre de Marchand ? Nous vous invitons \u00e0 inscrire ici.<\/p>\n                                 <a  href=\"https:\/\/afrikomkom.com\/inscription-marchands\/ \"  class=\"btn btn-theme\" > Devenir marchand Afrikomkom <\/a>\n\n                                <div class=\"container\">\n                                    <div id=\"register-user-img\" class=\"register-user\">\n                                        <img decoding=\"async\" src=\"https:\/\/afrikomkom.com\/wp-content\/uploads\/2025\/02\/connexion-inscription-decoration-petits-ronds-v1.png\" alt=\"image\">\n                                    <\/div>\n                                <\/div>\n\n                            <\/div>\n\n                        <\/div>\n                         <div class=\"col-xl-5 col-xxl-5 col-lg-6 col-md-6 col-sm-12\">\n                         <div class=\"sign-in-account\">\n                         \n                            \t<div class=\"col-md-12 col-lg-12 col-xs-12 col-sm-12 resend_email\" style=\"display:none;\">\n          \t<div role=\"alert\" class=\"alert alert-info alert-dismissible \">\n          \t<button aria-label=\"Close\" data-dismiss=\"alert\" class=\"close\" type=\"button\"><span aria-hidden=\"true\">&#10005;<\/span><\/button>\n          \tVous n'avez pas re\u00e7u d'e-mail ? <a href=\"javascript:void(0)\" id=\"resend_email\"> Renvoyer maintenant.<\/a>\n          \t<\/div>\n          \t<\/div>\n\n          \t<div class=\"col-md-12 col-lg-12 col-xs-12 col-sm-12 contact_admin\" style=\"display:none;\">\n          \t<div role=\"alert\" class=\"alert alert-info alert-dismissible\"><button aria-label=\"Close\" data-dismiss=\"alert\" class=\"close\" type=\"button\"><span aria-hidden=\"true\">&#10005;<\/span><\/button>Vous ne recevez toujours pas d'e-mail ? <a href=\"https:\/\/afrikomkom.com\/fr\/contact\/\"  id=\"resend_email\"> Contact Administrateur<\/a><\/div>\n          \t<\/div>\n                         <h3>Cr\u00e9ez un compte pour contacter les Marchands Afrikomkom<\/h3>\n                         <p>Afin d\u2019avoir acc\u00e8s aux coordonn\u00e9es des marchands et communiquer directement avec eux via la plateforme, veuillez vous inscrire ici. Votre compte va aussi vous permettre de sauvegarder vos annonces pr\u00e9f\u00e9r\u00e9es.<\/p>\n                        <form id=\"sb-sign-form\" >\n\t\t   <div class=\"form-group\">\n\t\t\t  <label>Nom \/ Nom d'entreprise<\/label>\n\t\t\t  <input placeholder=\"Votre nom\" class=\"form-control\" type=\"text\" data-parsley-required=\"true\" data-parsley-error-message=\"Veuillez saisir votre nom.\" name=\"sb_reg_name\" id=\"sb_reg_name\">\n\t\t   <\/div>\n\t\t   <div class=\"form-group\"><label>Num\u00e9ro de contact<\/label><input class=\"form-control\" id=\"adforest_contact_number\" name=\"sb_reg_contact\" data-parsley-type=\"integer\" data-parsley-required=\"true\" data-parsley-error-message=\"Ce champ est obligatoire. Doit \u00eatre une valeur int\u00e9gr valide\" placeholder=\"Votre num\u00e9ro de T\u00e9l\u00e9phone\" type=\"text\"><\/div>\n\t\t   <div class=\"form-group\">\n\t\t\t  <label>E-mail \/ Courriel<\/label>\n\t\t\t  <input placeholder=\"Votre Email\" class=\"form-control\" type=\"email\" data-parsley-type=\"email\" data-parsley-required=\"true\" data-parsley-error-message=\"S'il vous pla\u00eet entrez une adresse email valide.\" data-parsley-trigger=\"change\" name=\"sb_reg_email\" id=\"sb_reg_email\">\n\t\t   <\/div>\n\t\t   <div class=\"form-group password_group\">\n\t\t\t  <label>Mot de passe<\/label>\n\t\t\t  <span class=\"sb_show_pass\"><i class=\"fa fa-eye\" aria-hidden=\"true\"><\/i><\/span><input placeholder=\"Votre mot de passe\" class=\"form-control\" type=\"password\" data-parsley-required=\"true\" data-parsley-error-message=\"Veuillez saisir votre mot de passe\" name=\"sb_reg_password\"  id=\"sb_reg_password\">\n                              \n\t\t   <\/div>\n                   \n                   <div class=\"form-group password_group\">\n\t\t\t  <label>Confirmer le mot de passe<\/label>\n                              <span class=\"sb_show_pass2\"><i class=\"fa fa-eye\" aria-hidden=\"true\"><\/i><\/span><input placeholder=\"Confirmez votre mot de passe\" class=\"form-control\" type=\"password\" data-parsley-required=\"true\" data-parsley-error-message=\"Les mots de passe ne correspondent pas\" name=\"sb_reg_password_confirm\" data-parsley-equalto=\"#sb_reg_password\">                \n                    <\/div>\n\t\t   <div class=\"form-group\">\n\t\t\t  <div class=\"row\">\n\t\t\t\t <div class=\"col-xs-12 col-md-12 col-sm-12\">\n\t\t\t\t\t<div class=\"skin-minimal\">\n\t\t\t\t\t   <ul class=\"list\">\n\t\t\t\t\t\t  <li>\n\t\t\t\t\t\t\t <input  type=\"checkbox\" id=\"minimal-checkbox-1\" name=\"minimal-checkbox-1\" data-parsley-required=\"true\" data-parsley-error-message=\"Veuillez accepter les Termes et Conditions.\">\n\t\t\t\t\t\t\t <label for=\"minimal-checkbox-1\">J'accepte <a href=\"https:\/\/afrikomkom.com\/termes-et-conditions-dutilisation\/\" title=\"Termes et conditions d'utilisation\" target=\"\"> Termes et conditions d'utilisation<\/a><\/label>\n\t\t\t\t\t\t  <\/li>\n                                         \n\t\t\t\t\t   <\/ul>\n\t\t\t\t\t<\/div>\n\t\t\t\t <\/div>\n\t\t\t  <\/div>\n\t\t   <\/div>\n\t\t<input type=\"hidden\" value=\"no\" name=\"is_captcha\" \/>\n                    <input type=\"hidden\" id=\"sb-register-token\" value=\"be1636436a\" \/>\n\t\t   <button class=\"btn btn-theme btn-lg btn-block\" type=\"submit\" id=\"sb_register_submit\">S'inscrire<\/button>\n\t\t   <button class=\"btn btn-theme btn-lg btn-block no-display\" type=\"button\" id=\"sb_register_msg\">En cours...<\/button>\n\t\t   <button class=\"btn btn-theme btn-lg btn-block no-display\" type=\"button\" id=\"sb_register_redirect\">Redirection...<\/button>\n\t\t   <br \/>\n\t\t \n\t\t\t\t\t<\/p>\n\t\t   <input type=\"hidden\" id=\"get_action\" value=\"register\" \/>\n\t\t   <input type=\"hidden\" id=\"nonce_register\" value=\"1775256355\" \/>\n\t\t   <input type=\"hidden\" id=\"verify_account_msg\" value=\"Le lien de V\u00e9rification a \u00e9t\u00e9 envoy\u00e9 \u00e0 votre adresse e-mail.\" \/>\n                   <input type=\"hidden\" id=\"admin_verify_account\" value=\"L\u2019administrateur v\u00e9rifiera votre accouunt et vous le fera savoir sous peu.\" \/>\n\t\t<\/form>\n                         <div class=\"option-social\">\n                                                 <span>ou<\/span>\n                                       <\/div>\n                             \n                         <div class=\"social-list\">\n                           <ul class=\"social-item\">\n                          <li><a class=\"btn socials-links-items btn-social btn-facebook\" onclick=\"hello('facebook').login({\n                                    scope : 'email',\n                                    })\">\n                          <img decoding=\"async\" src=\"https:\/\/afrikomkom.com\/wp-content\/themes\/adforest\/images\/fb.png\"  alt=\"logo facebook\" \/>\n                          <\/a><\/li><li><a class=\"btn socials-links-items btn-social btn-google\" onclick=\"hello('google').login({scope : 'email'})\">\n                                <img decoding=\"async\" src=\"https:\/\/afrikomkom.com\/wp-content\/themes\/adforest\/images\/btn_google.png\"  alt=\"logo google\" \/>\n                              <\/a><\/li><input type=\"hidden\" id=\"sb-social-login-nonce\" value=\"d35ebf0a0b\" \/>\n                              <\/ul>\n                          <\/div>\n                          <div class=\"register-account-here\">\n                           <p class=\"text-center\"><span>D\u00e9j\u00e0 inscrit ? <\/span><a href=\"https:\/\/afrikomkom.com\/fr\/connexion\/\">Connectez-vous ici.<\/a>\n                        \n                          <\/div>\n                            \n                         <\/div>\n                          <\/div>\n\n                    <\/div>\n               \n                <\/div>\n            <\/div>\n            <input type=\"hidden\"   id=\"sb-fb-apikey\" value= \"\"> \n            <input type=\"hidden\"   id=\"sb-fb-projectid\"   value= \"\"> \n            <input type=\"hidden\"   id=\"sb-fb-senderid\"   value= \"\"> \n            <input type=\"hidden\"   id=\"sb-fb-appid\"    value= \"\">  \n                <input type =\"hidden\" value= \"https:\/\/afrikomkom.com\/wp-admin\/admin-ajax.php\" id=\"ajax_url\">\n          <input type=\"hidden\" id=\"verification-notice\" value=\"Le code de v\u00e9rification a \u00e9t\u00e9 envoy\u00e9.\" \/>\n              <input type=\"hidden\" id=\"profile_page\" value=\"https:\/\/afrikomkom.com\/fr\/profil\/\" \/>\n        <\/div>\n    <\/div>\n            <\/section>\n            [\/vc_column][\/vc_row]<\/p>\n<\/div>","protected":false},"excerpt":{"rendered":"<p>[vc_row el_class=\u00a0\u00bbsign-up-row\u00a0\u00bb css=\u00a0\u00bb.vc_custom_1739265955533{background: #fdf4e4 url(https:\/\/afrikomkom.com\/wp-content\/uploads\/2025\/02\/inscription-acheteurs-bg-v01.jpeg?id=2130) !important;background-position: center !important;background-repeat: no-repeat !important;background-size: cover !important;}\u00a0\u00bb][vc_column][\/vc_column][\/vc_row]<\/p>\n","protected":false},"author":1,"featured_media":0,"parent":0,"menu_order":0,"comment_status":"closed","ping_status":"closed","template":"","meta":{"footnotes":""},"class_list":["post-526","page","type-page","status-publish","hentry"],"yoast_head":"<!-- This site is optimized with the Yoast SEO plugin v25.8 - https:\/\/yoast.com\/wordpress\/plugins\/seo\/ -->\n<title>Inscription acheteurs &#8211; Afrikomkom<\/title>\n<meta name=\"description\" content=\"Afrikomkom est la premi\u00e8re marketplace d&#039;\u00e9change commercial entre l&#039;Afrique et le monde\" \/>\n<meta name=\"robots\" content=\"index, follow, max-snippet:-1, max-image-preview:large, max-video-preview:-1\" \/>\n<link rel=\"canonical\" href=\"https:\/\/afrikomkom.com\/fr\/inscription-acheteurs\/\" \/>\n<meta property=\"og:locale\" content=\"fr_FR\" \/>\n<meta property=\"og:type\" content=\"article\" \/>\n<meta property=\"og:title\" content=\"Inscription acheteurs &#8211; Afrikomkom\" \/>\n<meta property=\"og:description\" content=\"Afrikomkom est la premi\u00e8re marketplace d&#039;\u00e9change commercial entre l&#039;Afrique et le monde\" \/>\n<meta property=\"og:url\" content=\"https:\/\/afrikomkom.com\/fr\/inscription-acheteurs\/\" \/>\n<meta property=\"og:site_name\" content=\"Afrikomkom\" \/>\n<meta property=\"article:publisher\" content=\"https:\/\/www.facebook.com\/p\/Afrikomkom-100067540343724\/\" \/>\n<meta property=\"article:modified_time\" content=\"2026-03-23T18:48:28+00:00\" \/>\n<meta property=\"og:image\" content=\"https:\/\/afrikomkom.com\/wp-content\/uploads\/2025\/03\/og-image-v01.webp\" \/>\n\t<meta property=\"og:image:width\" content=\"1200\" \/>\n\t<meta property=\"og:image:height\" content=\"630\" \/>\n\t<meta property=\"og:image:type\" content=\"image\/webp\" \/>\n<meta name=\"twitter:card\" content=\"summary_large_image\" \/>\n<meta name=\"twitter:label1\" content=\"Dur\u00e9e de lecture estim\u00e9e\" \/>\n\t<meta name=\"twitter:data1\" content=\"1 minute\" \/>\n<script type=\"application\/ld+json\" class=\"yoast-schema-graph\">{\"@context\":\"https:\/\/schema.org\",\"@graph\":[{\"@type\":\"WebPage\",\"@id\":\"https:\/\/afrikomkom.com\/fr\/inscription-acheteurs\/\",\"url\":\"https:\/\/afrikomkom.com\/fr\/inscription-acheteurs\/\",\"name\":\"Inscription acheteurs &#8211; Afrikomkom\",\"isPartOf\":{\"@id\":\"https:\/\/afrikomkom.com\/fr\/#website\"},\"datePublished\":\"2021-10-01T06:36:45+00:00\",\"dateModified\":\"2026-03-23T18:48:28+00:00\",\"description\":\"Afrikomkom est la premi\u00e8re marketplace d'\u00e9change commercial entre l'Afrique et le monde\",\"breadcrumb\":{\"@id\":\"https:\/\/afrikomkom.com\/fr\/inscription-acheteurs\/#breadcrumb\"},\"inLanguage\":\"fr-FR\",\"potentialAction\":[{\"@type\":\"ReadAction\",\"target\":[\"https:\/\/afrikomkom.com\/fr\/inscription-acheteurs\/\"]}]},{\"@type\":\"BreadcrumbList\",\"@id\":\"https:\/\/afrikomkom.com\/fr\/inscription-acheteurs\/#breadcrumb\",\"itemListElement\":[{\"@type\":\"ListItem\",\"position\":1,\"name\":\"Accueil\",\"item\":\"https:\/\/afrikomkom.com\/fr\/\"},{\"@type\":\"ListItem\",\"position\":2,\"name\":\"Inscription acheteurs\"}]},{\"@type\":\"WebSite\",\"@id\":\"https:\/\/afrikomkom.com\/fr\/#website\",\"url\":\"https:\/\/afrikomkom.com\/fr\/\",\"name\":\"Afrikomkom\",\"description\":\"La premi\u00e8re marketplace d&#039;\u00e9change commercial entre l&#039;Afrique et le monde\",\"publisher\":{\"@id\":\"https:\/\/afrikomkom.com\/fr\/#organization\"},\"potentialAction\":[{\"@type\":\"SearchAction\",\"target\":{\"@type\":\"EntryPoint\",\"urlTemplate\":\"https:\/\/afrikomkom.com\/fr\/?s={search_term_string}\"},\"query-input\":{\"@type\":\"PropertyValueSpecification\",\"valueRequired\":true,\"valueName\":\"search_term_string\"}}],\"inLanguage\":\"fr-FR\"},{\"@type\":\"Organization\",\"@id\":\"https:\/\/afrikomkom.com\/fr\/#organization\",\"name\":\"Afrikomkom\",\"url\":\"https:\/\/afrikomkom.com\/fr\/\",\"logo\":{\"@type\":\"ImageObject\",\"inLanguage\":\"fr-FR\",\"@id\":\"https:\/\/afrikomkom.com\/fr\/#\/schema\/logo\/image\/\",\"url\":\"https:\/\/afrikomkom.com\/wp-content\/uploads\/2025\/03\/og-image-v01.webp\",\"contentUrl\":\"https:\/\/afrikomkom.com\/wp-content\/uploads\/2025\/03\/og-image-v01.webp\",\"width\":1200,\"height\":630,\"caption\":\"Afrikomkom\"},\"image\":{\"@id\":\"https:\/\/afrikomkom.com\/fr\/#\/schema\/logo\/image\/\"},\"sameAs\":[\"https:\/\/www.facebook.com\/p\/Afrikomkom-100067540343724\/\",\"https:\/\/www.linkedin.com\/company\/afrikomkom1\/\"]}]}<\/script>\n<!-- \/ Yoast SEO plugin. -->","yoast_head_json":{"title":"Inscription acheteurs &#8211; Afrikomkom","description":"Afrikomkom est la premi\u00e8re marketplace d'\u00e9change commercial entre l'Afrique et le monde","robots":{"index":"index","follow":"follow","max-snippet":"max-snippet:-1","max-image-preview":"max-image-preview:large","max-video-preview":"max-video-preview:-1"},"canonical":"https:\/\/afrikomkom.com\/fr\/inscription-acheteurs\/","og_locale":"fr_FR","og_type":"article","og_title":"Inscription acheteurs &#8211; Afrikomkom","og_description":"Afrikomkom est la premi\u00e8re marketplace d'\u00e9change commercial entre l'Afrique et le monde","og_url":"https:\/\/afrikomkom.com\/fr\/inscription-acheteurs\/","og_site_name":"Afrikomkom","article_publisher":"https:\/\/www.facebook.com\/p\/Afrikomkom-100067540343724\/","article_modified_time":"2026-03-23T18:48:28+00:00","og_image":[{"width":1200,"height":630,"url":"https:\/\/afrikomkom.com\/wp-content\/uploads\/2025\/03\/og-image-v01.webp","type":"image\/webp"}],"twitter_card":"summary_large_image","twitter_misc":{"Dur\u00e9e de lecture estim\u00e9e":"1 minute"},"schema":{"@context":"https:\/\/schema.org","@graph":[{"@type":"WebPage","@id":"https:\/\/afrikomkom.com\/fr\/inscription-acheteurs\/","url":"https:\/\/afrikomkom.com\/fr\/inscription-acheteurs\/","name":"Inscription acheteurs &#8211; Afrikomkom","isPartOf":{"@id":"https:\/\/afrikomkom.com\/fr\/#website"},"datePublished":"2021-10-01T06:36:45+00:00","dateModified":"2026-03-23T18:48:28+00:00","description":"Afrikomkom est la premi\u00e8re marketplace d'\u00e9change commercial entre l'Afrique et le monde","breadcrumb":{"@id":"https:\/\/afrikomkom.com\/fr\/inscription-acheteurs\/#breadcrumb"},"inLanguage":"fr-FR","potentialAction":[{"@type":"ReadAction","target":["https:\/\/afrikomkom.com\/fr\/inscription-acheteurs\/"]}]},{"@type":"BreadcrumbList","@id":"https:\/\/afrikomkom.com\/fr\/inscription-acheteurs\/#breadcrumb","itemListElement":[{"@type":"ListItem","position":1,"name":"Accueil","item":"https:\/\/afrikomkom.com\/fr\/"},{"@type":"ListItem","position":2,"name":"Inscription acheteurs"}]},{"@type":"WebSite","@id":"https:\/\/afrikomkom.com\/fr\/#website","url":"https:\/\/afrikomkom.com\/fr\/","name":"Afrikomkom","description":"La premi\u00e8re marketplace d&#039;\u00e9change commercial entre l&#039;Afrique et le monde","publisher":{"@id":"https:\/\/afrikomkom.com\/fr\/#organization"},"potentialAction":[{"@type":"SearchAction","target":{"@type":"EntryPoint","urlTemplate":"https:\/\/afrikomkom.com\/fr\/?s={search_term_string}"},"query-input":{"@type":"PropertyValueSpecification","valueRequired":true,"valueName":"search_term_string"}}],"inLanguage":"fr-FR"},{"@type":"Organization","@id":"https:\/\/afrikomkom.com\/fr\/#organization","name":"Afrikomkom","url":"https:\/\/afrikomkom.com\/fr\/","logo":{"@type":"ImageObject","inLanguage":"fr-FR","@id":"https:\/\/afrikomkom.com\/fr\/#\/schema\/logo\/image\/","url":"https:\/\/afrikomkom.com\/wp-content\/uploads\/2025\/03\/og-image-v01.webp","contentUrl":"https:\/\/afrikomkom.com\/wp-content\/uploads\/2025\/03\/og-image-v01.webp","width":1200,"height":630,"caption":"Afrikomkom"},"image":{"@id":"https:\/\/afrikomkom.com\/fr\/#\/schema\/logo\/image\/"},"sameAs":["https:\/\/www.facebook.com\/p\/Afrikomkom-100067540343724\/","https:\/\/www.linkedin.com\/company\/afrikomkom1\/"]}]}},"_links":{"self":[{"href":"https:\/\/afrikomkom.com\/fr\/wp-json\/wp\/v2\/pages\/526","targetHints":{"allow":["GET"]}}],"collection":[{"href":"https:\/\/afrikomkom.com\/fr\/wp-json\/wp\/v2\/pages"}],"about":[{"href":"https:\/\/afrikomkom.com\/fr\/wp-json\/wp\/v2\/types\/page"}],"author":[{"embeddable":true,"href":"https:\/\/afrikomkom.com\/fr\/wp-json\/wp\/v2\/users\/1"}],"replies":[{"embeddable":true,"href":"https:\/\/afrikomkom.com\/fr\/wp-json\/wp\/v2\/comments?post=526"}],"version-history":[{"count":22,"href":"https:\/\/afrikomkom.com\/fr\/wp-json\/wp\/v2\/pages\/526\/revisions"}],"predecessor-version":[{"id":1802,"href":"https:\/\/afrikomkom.com\/fr\/wp-json\/wp\/v2\/pages\/526\/revisions\/1802"}],"wp:attachment":[{"href":"https:\/\/afrikomkom.com\/fr\/wp-json\/wp\/v2\/media?parent=526"}],"curies":[{"name":"wp","href":"https:\/\/api.w.org\/{rel}","templated":true}]}}