{"id":2974,"date":"2025-10-29T09:50:22","date_gmt":"2025-10-29T13:50:22","guid":{"rendered":"https:\/\/afrikomkom.com\/?page_id=2974"},"modified":"2025-11-13T12:30:27","modified_gmt":"2025-11-13T17:30:27","slug":"services","status":"publish","type":"page","link":"https:\/\/afrikomkom.com\/fr\/services\/","title":{"rendered":"Services"},"content":{"rendered":"<div class=\"wpb-content-wrapper\"><p>[vc_row el_class=\u00a0\u00bbcustom-row\u00a0\u00bb][vc_column][vc_empty_space height=\u00a0\u00bb80px\u00a0\u00bb][vc_column_text css=\u00a0\u00bb\u00a0\u00bb]<\/p>\n<h2><strong>La plateforme<\/strong><\/h2>\n<p>&nbsp;<\/p>\n<p>Afrikomkom vous permet :<\/p>\n<ul>\n<li>De faire conna\u00eetre vos produits, vos services et votre entreprise \u00e0 l\u2019international<\/li>\n<li>D\u2019afficher un ou plusieurs produits et services vari\u00e9s pour la dur\u00e9e que vous voulez, selon le forfait<\/li>\n<li>D\u2019avoir les vrais frais d\u00e8s le premier jour (pas de frais cach\u00e9s)<\/li>\n<li>De d\u00e9terminer jusqu\u2019o\u00f9 vous voulez vendre (territoire)<\/li>\n<li>De joindre des clients exclusivement \u00e0 la recherche de produits et services d\u2019origine africaine<\/li>\n<li>De communiquer directement avec les clients via la plateforme<\/li>\n<li>De maintenir le contr\u00f4le sur tous les aspects<\/li>\n<\/ul>\n<p>&nbsp;<\/p>\n<p>En plus d\u2019une communaut\u00e9, Afrikomkom vous offre aussi\u00a0:<\/p>\n<p>&nbsp;<\/p>\n<h2><strong>Formation<\/strong><\/h2>\n<p>&nbsp;<\/p>\n<p><u>Formation en ligne pour autoapprentissage<\/u><\/p>\n<p>Des formations en lien avec l\u2019entrepreneuriat et la gestion d\u2019entreprise sont mises \u00e0 votre disposition 24h sur 24h afin de vous permettre d\u2019avancer \u00e0 votre rythme. Pour les d\u00e9tails, contactez-nous\u00a0: <a href=\"mailto:formation@afrikomkom.com\">formation@afrikomkom.com<\/a><\/p>\n<p><u>Formation en ligne pour groupe, ouvert au public<\/u><\/p>\n<p>Des formations anim\u00e9es en direct en t\u00e9l\u00e9conf\u00e9rence sur des sujets pertinents \u00e0 la croissance de votre organisation au niveau locale et international. Un maximum de 20 participants est pr\u00e9vu pour favoriser les \u00e9changes et l\u2019apprentissage. Pour les d\u00e9tails, contactez-nous\u00a0: <a href=\"mailto:formation@afrikomkom.com\">formation@afrikomkom.com<\/a><\/p>\n<p>Vous voulez une formation sur mesure pour votre organisation? Contactez-nous : <a href=\"mailto:formation@afrikomkom.com\">formation@afrikomkom.com<\/a><\/p>\n<p>&nbsp;<\/p>\n<h2><strong>Consultation et accompagnement<\/strong><\/h2>\n<p>&nbsp;<\/p>\n<p>Vous avez un projet en t\u00eate? Vous avez besoin de conseils pour atteindre vos objectifs? En partenariat avec C3B Groupe Conseil, nous pouvons vous offrir des banques d\u2019heures, ou des forfaits par projet. Le tout adapt\u00e9 \u00e0 vos besoins. Contactez-nous\u00a0: <a href=\"mailto:accompagnement@c3bgroupeconseil.com\">accompagnement@c3bgroupeconseil.com<\/a><\/p>\n<h1><\/h1>\n<p>&nbsp;<\/p>\n<h2><strong>Repr\u00e9sentation commerciale<\/strong><\/h2>\n<p>&nbsp;<\/p>\n<p>Vous \u00eates \u00e0 la recherche de partenaire ou de clients commerciaux \u00e0 l\u2019international? Vous n\u2019avez pas de gens pour vous repr\u00e9senter lors d\u2019\u00e9v\u00e9nements qui sont hors pays? Nous pouvons vous aider. Contactez-nous pour qu\u2019on puisse \u00e9valuer vos besoins\u00a0: <a href=\"mailto:representation@afrikomkom.com\">representation@afrikomkom.com<\/a>[\/vc_column_text][vc_empty_space height=\u00a0\u00bb80px\u00a0\u00bb][\/vc_column][\/vc_row]<\/p>\n<\/div>","protected":false},"excerpt":{"rendered":"<p>[vc_row el_class=\u00a0\u00bbcustom-row\u00a0\u00bb][vc_column][vc_empty_space height=\u00a0\u00bb80px\u00a0\u00bb][vc_column_text css=\u00a0\u00bb\u00a0\u00bb] La plateforme &nbsp; Afrikomkom vous permet : De faire conna\u00eetre vos produits, vos services et votre entreprise \u00e0 l\u2019international D\u2019afficher un ou plusieurs produits et services vari\u00e9s pour la dur\u00e9e que vous voulez, selon le forfait D\u2019avoir les vrais frais d\u00e8s le premier jour (pas de frais cach\u00e9s) De d\u00e9terminer jusqu\u2019o\u00f9 [&hellip;]<\/p>\n","protected":false},"author":8,"featured_media":0,"parent":0,"menu_order":0,"comment_status":"closed","ping_status":"closed","template":"","meta":{"footnotes":""},"class_list":["post-2974","page","type-page","status-publish","hentry"],"yoast_head":"<!-- This site is optimized with the Yoast SEO plugin v25.8 - https:\/\/yoast.com\/wordpress\/plugins\/seo\/ -->\n<title>Services &#8211; Afrikomkom<\/title>\n<meta name=\"description\" content=\"Afrikomkom est la premi\u00e8re marketplace d&#039;\u00e9change commercial entre l&#039;Afrique et le monde\" \/>\n<meta name=\"robots\" content=\"index, follow, max-snippet:-1, max-image-preview:large, max-video-preview:-1\" \/>\n<link rel=\"canonical\" href=\"https:\/\/afrikomkom.com\/fr\/services\/\" \/>\n<meta property=\"og:locale\" content=\"fr_FR\" \/>\n<meta property=\"og:type\" content=\"article\" \/>\n<meta property=\"og:title\" content=\"Services &#8211; Afrikomkom\" \/>\n<meta property=\"og:description\" content=\"Afrikomkom est la premi\u00e8re marketplace d&#039;\u00e9change commercial entre l&#039;Afrique et le monde\" \/>\n<meta property=\"og:url\" content=\"https:\/\/afrikomkom.com\/fr\/services\/\" \/>\n<meta property=\"og:site_name\" content=\"Afrikomkom\" \/>\n<meta property=\"article:publisher\" content=\"https:\/\/www.facebook.com\/p\/Afrikomkom-100067540343724\/\" \/>\n<meta property=\"article:modified_time\" content=\"2025-11-13T17:30:27+00:00\" \/>\n<meta property=\"og:image\" content=\"https:\/\/afrikomkom.com\/wp-content\/uploads\/2025\/03\/og-image-v01.webp\" \/>\n\t<meta property=\"og:image:width\" content=\"1200\" \/>\n\t<meta property=\"og:image:height\" content=\"630\" \/>\n\t<meta property=\"og:image:type\" content=\"image\/webp\" \/>\n<meta name=\"twitter:card\" content=\"summary_large_image\" \/>\n<meta name=\"twitter:label1\" content=\"Dur\u00e9e de lecture estim\u00e9e\" \/>\n\t<meta name=\"twitter:data1\" content=\"2 minutes\" \/>\n<script type=\"application\/ld+json\" class=\"yoast-schema-graph\">{\"@context\":\"https:\/\/schema.org\",\"@graph\":[{\"@type\":\"WebPage\",\"@id\":\"https:\/\/afrikomkom.com\/fr\/services\/\",\"url\":\"https:\/\/afrikomkom.com\/fr\/services\/\",\"name\":\"Services &#8211; Afrikomkom\",\"isPartOf\":{\"@id\":\"https:\/\/afrikomkom.com\/fr\/#website\"},\"datePublished\":\"2025-10-29T13:50:22+00:00\",\"dateModified\":\"2025-11-13T17:30:27+00:00\",\"description\":\"Afrikomkom est la premi\u00e8re marketplace d'\u00e9change commercial entre l'Afrique et le monde\",\"breadcrumb\":{\"@id\":\"https:\/\/afrikomkom.com\/fr\/services\/#breadcrumb\"},\"inLanguage\":\"fr-FR\",\"potentialAction\":[{\"@type\":\"ReadAction\",\"target\":[\"https:\/\/afrikomkom.com\/fr\/services\/\"]}]},{\"@type\":\"BreadcrumbList\",\"@id\":\"https:\/\/afrikomkom.com\/fr\/services\/#breadcrumb\",\"itemListElement\":[{\"@type\":\"ListItem\",\"position\":1,\"name\":\"Accueil\",\"item\":\"https:\/\/afrikomkom.com\/fr\/\"},{\"@type\":\"ListItem\",\"position\":2,\"name\":\"Services\"}]},{\"@type\":\"WebSite\",\"@id\":\"https:\/\/afrikomkom.com\/fr\/#website\",\"url\":\"https:\/\/afrikomkom.com\/fr\/\",\"name\":\"Afrikomkom\",\"description\":\"La premi\u00e8re marketplace d&#039;\u00e9change commercial entre l&#039;Afrique et le monde\",\"publisher\":{\"@id\":\"https:\/\/afrikomkom.com\/fr\/#organization\"},\"potentialAction\":[{\"@type\":\"SearchAction\",\"target\":{\"@type\":\"EntryPoint\",\"urlTemplate\":\"https:\/\/afrikomkom.com\/fr\/?s={search_term_string}\"},\"query-input\":{\"@type\":\"PropertyValueSpecification\",\"valueRequired\":true,\"valueName\":\"search_term_string\"}}],\"inLanguage\":\"fr-FR\"},{\"@type\":\"Organization\",\"@id\":\"https:\/\/afrikomkom.com\/fr\/#organization\",\"name\":\"Afrikomkom\",\"url\":\"https:\/\/afrikomkom.com\/fr\/\",\"logo\":{\"@type\":\"ImageObject\",\"inLanguage\":\"fr-FR\",\"@id\":\"https:\/\/afrikomkom.com\/fr\/#\/schema\/logo\/image\/\",\"url\":\"https:\/\/afrikomkom.com\/wp-content\/uploads\/2025\/03\/og-image-v01.webp\",\"contentUrl\":\"https:\/\/afrikomkom.com\/wp-content\/uploads\/2025\/03\/og-image-v01.webp\",\"width\":1200,\"height\":630,\"caption\":\"Afrikomkom\"},\"image\":{\"@id\":\"https:\/\/afrikomkom.com\/fr\/#\/schema\/logo\/image\/\"},\"sameAs\":[\"https:\/\/www.facebook.com\/p\/Afrikomkom-100067540343724\/\",\"https:\/\/www.linkedin.com\/company\/afrikomkom1\/\"]}]}<\/script>\n<!-- \/ Yoast SEO plugin. -->","yoast_head_json":{"title":"Services &#8211; Afrikomkom","description":"Afrikomkom est la premi\u00e8re marketplace d'\u00e9change commercial entre l'Afrique et le monde","robots":{"index":"index","follow":"follow","max-snippet":"max-snippet:-1","max-image-preview":"max-image-preview:large","max-video-preview":"max-video-preview:-1"},"canonical":"https:\/\/afrikomkom.com\/fr\/services\/","og_locale":"fr_FR","og_type":"article","og_title":"Services &#8211; Afrikomkom","og_description":"Afrikomkom est la premi\u00e8re marketplace d'\u00e9change commercial entre l'Afrique et le monde","og_url":"https:\/\/afrikomkom.com\/fr\/services\/","og_site_name":"Afrikomkom","article_publisher":"https:\/\/www.facebook.com\/p\/Afrikomkom-100067540343724\/","article_modified_time":"2025-11-13T17:30:27+00:00","og_image":[{"width":1200,"height":630,"url":"https:\/\/afrikomkom.com\/wp-content\/uploads\/2025\/03\/og-image-v01.webp","type":"image\/webp"}],"twitter_card":"summary_large_image","twitter_misc":{"Dur\u00e9e de lecture estim\u00e9e":"2 minutes"},"schema":{"@context":"https:\/\/schema.org","@graph":[{"@type":"WebPage","@id":"https:\/\/afrikomkom.com\/fr\/services\/","url":"https:\/\/afrikomkom.com\/fr\/services\/","name":"Services &#8211; Afrikomkom","isPartOf":{"@id":"https:\/\/afrikomkom.com\/fr\/#website"},"datePublished":"2025-10-29T13:50:22+00:00","dateModified":"2025-11-13T17:30:27+00:00","description":"Afrikomkom est la premi\u00e8re marketplace d'\u00e9change commercial entre l'Afrique et le monde","breadcrumb":{"@id":"https:\/\/afrikomkom.com\/fr\/services\/#breadcrumb"},"inLanguage":"fr-FR","potentialAction":[{"@type":"ReadAction","target":["https:\/\/afrikomkom.com\/fr\/services\/"]}]},{"@type":"BreadcrumbList","@id":"https:\/\/afrikomkom.com\/fr\/services\/#breadcrumb","itemListElement":[{"@type":"ListItem","position":1,"name":"Accueil","item":"https:\/\/afrikomkom.com\/fr\/"},{"@type":"ListItem","position":2,"name":"Services"}]},{"@type":"WebSite","@id":"https:\/\/afrikomkom.com\/fr\/#website","url":"https:\/\/afrikomkom.com\/fr\/","name":"Afrikomkom","description":"La premi\u00e8re marketplace d&#039;\u00e9change commercial entre l&#039;Afrique et le monde","publisher":{"@id":"https:\/\/afrikomkom.com\/fr\/#organization"},"potentialAction":[{"@type":"SearchAction","target":{"@type":"EntryPoint","urlTemplate":"https:\/\/afrikomkom.com\/fr\/?s={search_term_string}"},"query-input":{"@type":"PropertyValueSpecification","valueRequired":true,"valueName":"search_term_string"}}],"inLanguage":"fr-FR"},{"@type":"Organization","@id":"https:\/\/afrikomkom.com\/fr\/#organization","name":"Afrikomkom","url":"https:\/\/afrikomkom.com\/fr\/","logo":{"@type":"ImageObject","inLanguage":"fr-FR","@id":"https:\/\/afrikomkom.com\/fr\/#\/schema\/logo\/image\/","url":"https:\/\/afrikomkom.com\/wp-content\/uploads\/2025\/03\/og-image-v01.webp","contentUrl":"https:\/\/afrikomkom.com\/wp-content\/uploads\/2025\/03\/og-image-v01.webp","width":1200,"height":630,"caption":"Afrikomkom"},"image":{"@id":"https:\/\/afrikomkom.com\/fr\/#\/schema\/logo\/image\/"},"sameAs":["https:\/\/www.facebook.com\/p\/Afrikomkom-100067540343724\/","https:\/\/www.linkedin.com\/company\/afrikomkom1\/"]}]}},"_links":{"self":[{"href":"https:\/\/afrikomkom.com\/fr\/wp-json\/wp\/v2\/pages\/2974","targetHints":{"allow":["GET"]}}],"collection":[{"href":"https:\/\/afrikomkom.com\/fr\/wp-json\/wp\/v2\/pages"}],"about":[{"href":"https:\/\/afrikomkom.com\/fr\/wp-json\/wp\/v2\/types\/page"}],"author":[{"embeddable":true,"href":"https:\/\/afrikomkom.com\/fr\/wp-json\/wp\/v2\/users\/8"}],"replies":[{"embeddable":true,"href":"https:\/\/afrikomkom.com\/fr\/wp-json\/wp\/v2\/comments?post=2974"}],"version-history":[{"count":15,"href":"https:\/\/afrikomkom.com\/fr\/wp-json\/wp\/v2\/pages\/2974\/revisions"}],"predecessor-version":[{"id":2996,"href":"https:\/\/afrikomkom.com\/fr\/wp-json\/wp\/v2\/pages\/2974\/revisions\/2996"}],"wp:attachment":[{"href":"https:\/\/afrikomkom.com\/fr\/wp-json\/wp\/v2\/media?parent=2974"}],"curies":[{"name":"wp","href":"https:\/\/api.w.org\/{rel}","templated":true}]}}